{"id":2,"date":"2026-03-05T03:18:21","date_gmt":"2026-03-05T06:18:21","guid":{"rendered":"https:\/\/new.gemovil.com.ar\/?page_id=2"},"modified":"2026-03-05T03:21:45","modified_gmt":"2026-03-05T06:21:45","slug":"pagina-ejemplo","status":"publish","type":"page","link":"https:\/\/new.gemovil.com.ar\/index.php\/pagina-ejemplo\/","title":{"rendered":"P\u00e1gina de ejemplo"},"content":{"rendered":"\n<p>Esta es una p\u00e1gina de ejemplo. Es diferente a una entrada del blog porque permanecer\u00e1 en un solo lugar y aparecer\u00e1 en la navegaci\u00f3n de tu sitio (en la mayor\u00eda de los temas). La mayor\u00eda de las personas comienzan con una p\u00e1gina &#8220;Acerca de&#8221; que los presenta a los visitantes potenciales del sitio. Podr\u00edas decir algo as\u00ed:<\/p>\n\n\n\n<blockquote class=\"wp-block-quote is-layout-flow wp-block-quote-is-layout-flow\">\n<p>\u00a1Hola! Soy mensajero en bicicleta de d\u00eda, actor aspirante de noche, y esta es mi p\u00e1gina web. Vivo en Los \u00c1ngeles, tengo un gran perro llamado Jack, y me gustan las pi\u00f1as coladas. (Y ser atrapado por la lluvia.)<\/p>\n<\/blockquote>\n\n\n\n<p>&#8230;o algo como esto:<\/p>\n\n\n\n<blockquote class=\"wp-block-quote is-layout-flow wp-block-quote-is-layout-flow\">\n<p>La compa\u00f1ia XYZ Trasto fue fundada en 1971, y provee trastos de calidad para el p\u00fablico desde entonces. Ubicado en Ciudad G\u00f3tica, XYZ le da empleo a m\u00e1s de 2000 personas y hace todo tipo de cosas asombrosas para la comunidad de G\u00f3tica.<\/p>\n<\/blockquote>\n\n\n\n<p>Como nuevo usuario de WordPress, deber\u00edas dirigirte a <a href=\"https:\/\/new.gemovil.com.ar\/wp-admin\/\">tu escritorio<\/a> para borrar esta p\u00e1gina y crear nuevas p\u00e1ginas para tu contenido. \u00a1Divertite!<\/p>\n\n\n\n<div class=\"gb-element-c59133be\">\n<div class=\"gb-element-114efadc\">\n<div>\n<h2 class=\"gb-text gb-text-fc6298e9\">Short H2 Heading<\/h2>\n\n\n\n<p class=\"gb-text gb-text-9f8fd965\">Lorem ipsum dolor sit amet, consectetur adipiscing elit. <\/p>\n\n\n\n<div><ul class=\"gb-looper-7ced94db\">\n<li class=\"gb-loop-item post-1 post type-post status-publish format-standard hentry category-sin-categoria\">\n<article class=\"gb-element-d61acef8\">\n\n\n<div class=\"gb-element-1f3b9905\">\n<div class=\"gb-text gb-text-260d9048\">5 marzo, 2026<\/div>\n\n\n\n<h3 class=\"gb-text gb-text-7f255339\"><a href=\"https:\/\/new.gemovil.com.ar\/index.php\/2026\/03\/05\/hola-mundo\/\">\u00a1Hola mundo!<\/a><\/h3>\n\n\n\n<div class=\"gb-text gb-text-bcc46147\">Bienvenido a WordPress. Esta es tu primera entrada. Editala o borrala, y despu\u00e9s \u00a1empez\u00e1 a escribir!<\/div>\n\n\n\n<a class=\"gb-text gb-text-f3204a0a\" href=\"https:\/\/new.gemovil.com.ar\/index.php\/2026\/03\/05\/hola-mundo\/\" aria-label=\"Read more about \u00a1Hola mundo!\">Read more<\/a>\n<\/div>\n<\/article>\n<\/li>\n<\/ul><\/div>\n<\/div>\n<\/div>\n<\/div>\n","protected":false},"excerpt":{"rendered":"<p>Esta es una p\u00e1gina de ejemplo. Es diferente a una entrada del blog porque permanecer\u00e1 en un solo lugar y [&hellip;]<\/p>\n","protected":false},"author":1,"featured_media":0,"parent":0,"menu_order":0,"comment_status":"closed","ping_status":"open","template":"","meta":{"site-sidebar-layout":"default","site-content-layout":"","ast-site-content-layout":"default","site-content-style":"default","site-sidebar-style":"default","ast-global-header-display":"","ast-banner-title-visibility":"","ast-main-header-display":"","ast-hfb-above-header-display":"","ast-hfb-below-header-display":"","ast-hfb-mobile-header-display":"","site-post-title":"","ast-breadcrumbs-content":"","ast-featured-img":"","footer-sml-layout":"","ast-disable-related-posts":"","theme-transparent-header-meta":"","adv-header-id-meta":"","stick-header-meta":"","header-above-stick-meta":"","header-main-stick-meta":"","header-below-stick-meta":"","astra-migrate-meta-layouts":"default","ast-page-background-enabled":"default","ast-page-background-meta":{"desktop":{"background-color":"var(--ast-global-color-5)","background-image":"","background-repeat":"repeat","background-position":"center center","background-size":"auto","background-attachment":"scroll","background-type":"","background-media":"","overlay-type":"","overlay-color":"","overlay-opacity":"","overlay-gradient":""},"tablet":{"background-color":"","background-image":"","background-repeat":"repeat","background-position":"center center","background-size":"auto","background-attachment":"scroll","background-type":"","background-media":"","overlay-type":"","overlay-color":"","overlay-opacity":"","overlay-gradient":""},"mobile":{"background-color":"","background-image":"","background-repeat":"repeat","background-position":"center center","background-size":"auto","background-attachment":"scroll","background-type":"","background-media":"","overlay-type":"","overlay-color":"","overlay-opacity":"","overlay-gradient":""}},"ast-content-background-meta":{"desktop":{"background-color":"var(--ast-global-color-4)","background-image":"","background-repeat":"repeat","background-position":"center center","background-size":"auto","background-attachment":"scroll","background-type":"","background-media":"","overlay-type":"","overlay-color":"","overlay-opacity":"","overlay-gradient":""},"tablet":{"background-color":"var(--ast-global-color-4)","background-image":"","background-repeat":"repeat","background-position":"center center","background-size":"auto","background-attachment":"scroll","background-type":"","background-media":"","overlay-type":"","overlay-color":"","overlay-opacity":"","overlay-gradient":""},"mobile":{"background-color":"var(--ast-global-color-4)","background-image":"","background-repeat":"repeat","background-position":"center center","background-size":"auto","background-attachment":"scroll","background-type":"","background-media":"","overlay-type":"","overlay-color":"","overlay-opacity":"","overlay-gradient":""}},"footnotes":""},"class_list":["post-2","page","type-page","status-publish","hentry"],"_links":{"self":[{"href":"https:\/\/new.gemovil.com.ar\/index.php\/wp-json\/wp\/v2\/pages\/2","targetHints":{"allow":["GET"]}}],"collection":[{"href":"https:\/\/new.gemovil.com.ar\/index.php\/wp-json\/wp\/v2\/pages"}],"about":[{"href":"https:\/\/new.gemovil.com.ar\/index.php\/wp-json\/wp\/v2\/types\/page"}],"author":[{"embeddable":true,"href":"https:\/\/new.gemovil.com.ar\/index.php\/wp-json\/wp\/v2\/users\/1"}],"replies":[{"embeddable":true,"href":"https:\/\/new.gemovil.com.ar\/index.php\/wp-json\/wp\/v2\/comments?post=2"}],"version-history":[{"count":1,"href":"https:\/\/new.gemovil.com.ar\/index.php\/wp-json\/wp\/v2\/pages\/2\/revisions"}],"predecessor-version":[{"id":7,"href":"https:\/\/new.gemovil.com.ar\/index.php\/wp-json\/wp\/v2\/pages\/2\/revisions\/7"}],"wp:attachment":[{"href":"https:\/\/new.gemovil.com.ar\/index.php\/wp-json\/wp\/v2\/media?parent=2"}],"curies":[{"name":"wp","href":"https:\/\/api.w.org\/{rel}","templated":true}]}}